{"id":2590,"date":"2025-02-12T22:01:05","date_gmt":"2025-02-12T22:01:05","guid":{"rendered":"https:\/\/www.acplectro.com\/?page_id=2590"},"modified":"2025-02-12T22:01:10","modified_gmt":"2025-02-12T22:01:10","slug":"politica-de-cookies","status":"publish","type":"page","link":"https:\/\/www.acplectro.com\/en\/politica-de-cookies\/","title":{"rendered":"Pol\u00edtica de Cookies"},"content":{"rendered":"\n<h2 class=\"wp-block-heading\"><strong>1. O que s\u00e3o Cookies?<\/strong><\/h2>\n\n\n\n<p>Cookies s\u00e3o pequenos ficheiros de texto armazenados no seu dispositivo (computador, tablet ou telem\u00f3vel) quando visita um website. Estes ficheiros permitem melhorar a experi\u00eancia de navega\u00e7\u00e3o, lembrar as suas prefer\u00eancias e fornecer estat\u00edsticas sobre o uso do site.<\/p>\n\n\n\n<h2 class=\"wp-block-heading\"><strong>2. Que tipos de Cookies utilizamos?<\/strong><\/h2>\n\n\n\n<p>O nosso website utiliza diferentes tipos de cookies para garantir o seu correto funcionamento e para otimizar a experi\u00eancia do utilizador.<\/p>\n\n\n\n<h3 class=\"wp-block-heading\"><strong>2.1. Cookies Essenciais<\/strong><\/h3>\n\n\n\n<p>S\u00e3o cookies necess\u00e1rios para que o website funcione corretamente. Sem estes cookies, algumas funcionalidades podem n\u00e3o estar dispon\u00edveis.<\/p>\n\n\n\n<h3 class=\"wp-block-heading\"><strong>2.2. Cookies de Desempenho e Estat\u00edsticas<\/strong><\/h3>\n\n\n\n<p>Estes cookies ajudam-nos a compreender como os visitantes utilizam o nosso site, permitindo-nos melhorar a sua estrutura e conte\u00fado. A informa\u00e7\u00e3o recolhida \u00e9 an\u00f3nima e utilizada apenas para fins estat\u00edsticos.<\/p>\n\n\n\n<h3 class=\"wp-block-heading\"><strong>2.3. Cookies Funcionais<\/strong><\/h3>\n\n\n\n<p>Permitem que o website se lembre das prefer\u00eancias do utilizador, como o idioma escolhido ou outras configura\u00e7\u00f5es personalizadas, para proporcionar uma experi\u00eancia mais ajustada \u00e0s suas necessidades.<\/p>\n\n\n\n<h2 class=\"wp-block-heading\"><strong>3. Gest\u00e3o e Desativa\u00e7\u00e3o de Cookies<\/strong><\/h2>\n\n\n\n<p>O utilizador pode, a qualquer momento, gerir as prefer\u00eancias de cookies atrav\u00e9s das defini\u00e7\u00f5es do seu navegador, onde \u00e9 poss\u00edvel bloquear ou eliminar cookies j\u00e1 armazenados. A desativa\u00e7\u00e3o de certos cookies pode afetar a experi\u00eancia e o funcionamento do website.<\/p>\n\n\n\n<p>Pode encontrar mais informa\u00e7\u00f5es sobre a gest\u00e3o de cookies na sec\u00e7\u00e3o de ajuda do seu navegador.<\/p>\n\n\n\n<h2 class=\"wp-block-heading\"><strong>4. Altera\u00e7\u00f5es a esta Pol\u00edtica<\/strong><\/h2>\n\n\n\n<p>Reservamo-nos o direito de modificar esta Pol\u00edtica de Cookies a qualquer momento. Recomendamos que consulte esta p\u00e1gina regularmente para se manter informado sobre eventuais atualiza\u00e7\u00f5es.<\/p>\n\n\n\n<h2 class=\"wp-block-heading\"><strong>5. Contacto<\/strong><\/h2>\n\n\n\n<p>Se tiver alguma quest\u00e3o sobre a nossa utiliza\u00e7\u00e3o de cookies, pode contactar-nos atrav\u00e9s dos seguintes meios:<\/p>\n\n\n\n<p>\ud83d\udce7 <strong>E-mail:<\/strong> [<a>geral@acplectro.com<\/a>]<\/p>\n","protected":false},"excerpt":{"rendered":"<p>1. O que s\u00e3o Cookies? Cookies s\u00e3o pequenos ficheiros de texto armazenados no seu dispositivo (computador, tablet ou telem\u00f3vel) quando visita um website. Estes ficheiros permitem melhorar a experi\u00eancia de&hellip;&nbsp;<a href=\"https:\/\/www.acplectro.com\/en\/politica-de-cookies\/\" rel=\"bookmark\">Read More &raquo;<span class=\"screen-reader-text\">Pol\u00edtica de Cookies<\/span><\/a><\/p>","protected":false},"author":1,"featured_media":0,"parent":0,"menu_order":0,"comment_status":"closed","ping_status":"closed","template":"","meta":{"neve_meta_sidebar":"","neve_meta_container":"","neve_meta_enable_content_width":"","neve_meta_content_width":0,"neve_meta_title_alignment":"","neve_meta_author_avatar":"","neve_post_elements_order":"","neve_meta_disable_header":"","neve_meta_disable_footer":"","neve_meta_disable_title":"","neve_meta_reading_time":"","_EventAllDay":false,"_EventTimezone":"","_EventStartDate":"","_EventEndDate":"","_EventStartDateUTC":"","_EventEndDateUTC":"","_EventShowMap":false,"_EventShowMapLink":false,"_EventURL":"","_EventCost":"","_EventCostDescription":"","_EventCurrencySymbol":"","_EventCurrencyCode":"","_EventCurrencyPosition":"","_EventDateTimeSeparator":"","_EventTimeRangeSeparator":"","_EventOrganizerID":[],"_EventVenueID":[],"_OrganizerEmail":"","_OrganizerPhone":"","_OrganizerWebsite":"","_VenueAddress":"","_VenueCity":"","_VenueCountry":"","_VenueProvince":"","_VenueState":"","_VenueZip":"","_VenuePhone":"","_VenueURL":"","_VenueStateProvince":"","_VenueLat":"","_VenueLng":"","_VenueShowMap":false,"_VenueShowMapLink":false,"_themeisle_gutenberg_block_has_review":false,"footnotes":""},"class_list":["post-2590","page","type-page","status-publish","hentry"],"jetpack_sharing_enabled":true,"_links":{"self":[{"href":"https:\/\/www.acplectro.com\/en\/wp-json\/wp\/v2\/pages\/2590","targetHints":{"allow":["GET"]}}],"collection":[{"href":"https:\/\/www.acplectro.com\/en\/wp-json\/wp\/v2\/pages"}],"about":[{"href":"https:\/\/www.acplectro.com\/en\/wp-json\/wp\/v2\/types\/page"}],"author":[{"embeddable":true,"href":"https:\/\/www.acplectro.com\/en\/wp-json\/wp\/v2\/users\/1"}],"replies":[{"embeddable":true,"href":"https:\/\/www.acplectro.com\/en\/wp-json\/wp\/v2\/comments?post=2590"}],"version-history":[{"count":1,"href":"https:\/\/www.acplectro.com\/en\/wp-json\/wp\/v2\/pages\/2590\/revisions"}],"predecessor-version":[{"id":2591,"href":"https:\/\/www.acplectro.com\/en\/wp-json\/wp\/v2\/pages\/2590\/revisions\/2591"}],"wp:attachment":[{"href":"https:\/\/www.acplectro.com\/en\/wp-json\/wp\/v2\/media?parent=2590"}],"curies":[{"name":"wp","href":"https:\/\/api.w.org\/{rel}","templated":true}]}}