{"id":2779,"date":"2026-05-05T23:18:14","date_gmt":"2026-05-05T22:18:14","guid":{"rendered":"https:\/\/www.acplectro.com\/?page_id=2779"},"modified":"2026-05-05T23:28:31","modified_gmt":"2026-05-05T22:28:31","slug":"reserva-cd-la-legende-de-ulisse-francesco-civitareale","status":"publish","type":"page","link":"https:\/\/www.acplectro.com\/en\/reserva-cd-la-legende-de-ulisse-francesco-civitareale\/","title":{"rendered":"Reserva CD La L\u00e9gende de Ulisse &#8211; Francesco Civitareale"},"content":{"rendered":"<div class=\"wp-block-image\">\n<figure class=\"aligncenter size-large\"><img loading=\"lazy\" decoding=\"async\" width=\"1024\" height=\"576\" src=\"https:\/\/www.acplectro.com\/wp-content\/uploads\/2026\/05\/Pagina-2-1-1024x576.png\" alt=\"\" class=\"wp-image-2781\" srcset=\"https:\/\/www.acplectro.com\/wp-content\/uploads\/2026\/05\/Pagina-2-1-1024x576.png 1024w, https:\/\/www.acplectro.com\/wp-content\/uploads\/2026\/05\/Pagina-2-1-300x169.png 300w, https:\/\/www.acplectro.com\/wp-content\/uploads\/2026\/05\/Pagina-2-1-768x432.png 768w, https:\/\/www.acplectro.com\/wp-content\/uploads\/2026\/05\/Pagina-2-1-1536x864.png 1536w, https:\/\/www.acplectro.com\/wp-content\/uploads\/2026\/05\/Pagina-2-1-18x10.png 18w, https:\/\/www.acplectro.com\/wp-content\/uploads\/2026\/05\/Pagina-2-1.png 1920w\" sizes=\"auto, (max-width: 1024px) 100vw, 1024px\" \/><\/figure>\n<\/div>\n\n\n<div style=\"height:50px\" aria-hidden=\"true\" class=\"wp-block-spacer\"><\/div>\n\n\n\n<p>\u00c9 com imenso orgulho que a Orquestra Portuguesa de Guitarras e Bandolins apresenta o seu pr\u00f3ximo CD &#8220;La L\u00e9gende de Ulisse&#8221;. A obra integral para orquestra de guitarras e bandolins do conceituado compositor italiano <a href=\"https:\/\/www.francescocivitareale.com\/\" data-type=\"link\" data-id=\"https:\/\/www.francescocivitareale.com\/\">Francesco Civitareale<\/a>.<\/p>\n\n\n\n<p>Deixamos aqui o formul\u00e1rio de reserva do CD. Ao efetuar a reserva ter\u00e1 um desconto de 25% (de 15\u20ac para 12\u20ac). Este desconto aplica-se \u00e0s primeiras 50 reservas.<\/p>\n\n\n\n<iframe loading=\"lazy\" width=\"100%\" height=\"640px\" src=\"https:\/\/forms.cloud.microsoft\/Pages\/ResponsePage.aspx?id=DQSIkWdsW0yxEjajBLZtrQAAAAAAAAAAAANAAVOMGA9UMFZaV0hTS1Q5VzI4VEpPWkUxMldMVVFaWS4u&#038;embed=true\" frameborder=\"0\" marginwidth=\"0\" marginheight=\"0\" style=\"border: none; max-width:100%; max-height:100vh\" allowfullscreen webkitallowfullscreen mozallowfullscreen msallowfullscreen> <\/iframe>","protected":false},"excerpt":{"rendered":"<p>\u00c9 com imenso orgulho que a Orquestra Portuguesa de Guitarras e Bandolins apresenta o seu pr\u00f3ximo CD &#8220;La L\u00e9gende de Ulisse&#8221;. A obra integral para orquestra de guitarras e bandolins&hellip;&nbsp;<a href=\"https:\/\/www.acplectro.com\/en\/reserva-cd-la-legende-de-ulisse-francesco-civitareale\/\" rel=\"bookmark\">Read More &raquo;<span class=\"screen-reader-text\">Reserva CD La L\u00e9gende de Ulisse &#8211; Francesco Civitareale<\/span><\/a><\/p>","protected":false},"author":1,"featured_media":0,"parent":0,"menu_order":0,"comment_status":"closed","ping_status":"closed","template":"","meta":{"neve_meta_sidebar":"","neve_meta_container":"","neve_meta_enable_content_width":"","neve_meta_content_width":0,"neve_meta_title_alignment":"","neve_meta_author_avatar":"","neve_post_elements_order":"","neve_meta_disable_header":"","neve_meta_disable_footer":"","neve_meta_disable_title":"","neve_meta_reading_time":"","_EventAllDay":false,"_EventTimezone":"","_EventStartDate":"","_EventEndDate":"","_EventStartDateUTC":"","_EventEndDateUTC":"","_EventShowMap":false,"_EventShowMapLink":false,"_EventURL":"","_EventCost":"","_EventCostDescription":"","_EventCurrencySymbol":"","_EventCurrencyCode":"","_EventCurrencyPosition":"","_EventDateTimeSeparator":"","_EventTimeRangeSeparator":"","_EventOrganizerID":[],"_EventVenueID":[],"_OrganizerEmail":"","_OrganizerPhone":"","_OrganizerWebsite":"","_VenueAddress":"","_VenueCity":"","_VenueCountry":"","_VenueProvince":"","_VenueState":"","_VenueZip":"","_VenuePhone":"","_VenueURL":"","_VenueStateProvince":"","_VenueLat":"","_VenueLng":"","_VenueShowMap":false,"_VenueShowMapLink":false,"_themeisle_gutenberg_block_has_review":false,"footnotes":""},"class_list":["post-2779","page","type-page","status-publish","hentry"],"jetpack_sharing_enabled":true,"_links":{"self":[{"href":"https:\/\/www.acplectro.com\/en\/wp-json\/wp\/v2\/pages\/2779","targetHints":{"allow":["GET"]}}],"collection":[{"href":"https:\/\/www.acplectro.com\/en\/wp-json\/wp\/v2\/pages"}],"about":[{"href":"https:\/\/www.acplectro.com\/en\/wp-json\/wp\/v2\/types\/page"}],"author":[{"embeddable":true,"href":"https:\/\/www.acplectro.com\/en\/wp-json\/wp\/v2\/users\/1"}],"replies":[{"embeddable":true,"href":"https:\/\/www.acplectro.com\/en\/wp-json\/wp\/v2\/comments?post=2779"}],"version-history":[{"count":6,"href":"https:\/\/www.acplectro.com\/en\/wp-json\/wp\/v2\/pages\/2779\/revisions"}],"predecessor-version":[{"id":2788,"href":"https:\/\/www.acplectro.com\/en\/wp-json\/wp\/v2\/pages\/2779\/revisions\/2788"}],"wp:attachment":[{"href":"https:\/\/www.acplectro.com\/en\/wp-json\/wp\/v2\/media?parent=2779"}],"curies":[{"name":"wp","href":"https:\/\/api.w.org\/{rel}","templated":true}]}}