{"id":30,"date":"2022-06-28T16:28:16","date_gmt":"2022-06-28T15:28:16","guid":{"rendered":"https:\/\/www.acplectro.com\/?page_id=30"},"modified":"2023-09-27T09:55:31","modified_gmt":"2023-09-27T08:55:31","slug":"orquestra-portuguesa-de-guitarras-e-bandolins","status":"publish","type":"page","link":"https:\/\/www.acplectro.com\/en\/orquestra-portuguesa-de-guitarras-e-bandolins\/","title":{"rendered":"Orquestra Portuguesa de Guitarras e Bandolins &#8211; OPGB"},"content":{"rendered":"<div class=\"wp-block-image\">\n<figure class=\"aligncenter size-large\"><img loading=\"lazy\" decoding=\"async\" width=\"1024\" height=\"423\" src=\"https:\/\/www.acplectro.com\/wp-content\/uploads\/2022\/10\/Header_OPGB_1500x620-1024x423.webp\" alt=\"\" class=\"wp-image-1091\" srcset=\"https:\/\/www.acplectro.com\/wp-content\/uploads\/2022\/10\/Header_OPGB_1500x620-1024x423.webp 1024w, https:\/\/www.acplectro.com\/wp-content\/uploads\/2022\/10\/Header_OPGB_1500x620-300x124.webp 300w, https:\/\/www.acplectro.com\/wp-content\/uploads\/2022\/10\/Header_OPGB_1500x620-768x317.webp 768w, https:\/\/www.acplectro.com\/wp-content\/uploads\/2022\/10\/Header_OPGB_1500x620.webp 1500w\" sizes=\"auto, (max-width: 1024px) 100vw, 1024px\" \/><\/figure>\n<\/div>\n\n\n<div style=\"height:20px\" aria-hidden=\"true\" class=\"wp-block-spacer\"><\/div>\n\n\n\n<p>A principal val\u00eancia da Associa\u00e7\u00e3o Cultural de Plectro \u00e9 a <strong>Orquestra Portuguesa de Guitarras e Bandolins (OPGB)<\/strong>. Nos 12 anos da sua exist\u00eancia, contribuiu para uma verdadeira revolu\u00e7\u00e3o no meio associado \u00e0 Guitarra e ao Bandolim, com dezenas de concertos em Portugal e no estrangeiro. <\/p>\n\n\n\n<p>Foi criada em 2007 e surge da vontade de Ant\u00f3nio de Sousa Vieira e S\u00e9rgio Dinis, ent\u00e3o membros da Orquestra Europeia de Bandolins e Guitarra da Juventude (EGMYO).&nbsp;A OPGB mant\u00e9m-se fiel ao seu princ\u00edpio, servindo-se de um repert\u00f3rio baseado em obras originais para a m\u00fasica de plectro, obtendo dessa forma um car\u00e1cter original da sua sonoridade e um rigor interpretativo, motivo pelo qual tem recebido os mais rasgados elogios. <\/p>\n\n\n\n<p>No pleno da sua atividade, a <strong>OPGB<\/strong> come\u00e7ou a estrear obras que lhe foram dedicadas, de diversos compositores nacionais e internacionais, revelando o prest\u00edgio e a confian\u00e7a que j\u00e1 alcan\u00e7ou. Tal foi feito com a preciosa ajuda&nbsp;de diversos Maestros e solistas convidados Estas pe\u00e7as culminam com grava\u00e7\u00e3o do seu primeiro trabalho discogr\u00e1fico, uma obra intitulada \u201cPleiades\u201d, em Dezembro de 2015.&nbsp;<\/p>\n\n\n\n<p>A <strong><strong>Orquestra Portuguesa de Guitarras e Bandolins<\/strong><\/strong> conta neste momento com 19 m\u00fasicos efetivos e diversos refor\u00e7os que asseguram a programa\u00e7\u00e3o de cada concerto. A Dire\u00e7\u00e3o Art\u00edstica est\u00e1 a cargo de <a href=\"https:\/\/www.acplectro.com\/en\/orquestra-portuguesa-de-guitarras-e-bandolins\/direcao-artistica\/\"><strong>Ant\u00f3nio de Sousa Vieira<\/strong>.<\/a>&nbsp;O Maestro Titular \u00e9 <a href=\"https:\/\/www.acplectro.com\/en\/orquestra-portuguesa-de-guitarras-e-bandolins\/maestro\/\"><strong>H\u00e9lder Magalh\u00e3es<\/strong><\/a>.<\/p>\n\n\n<div class=\"wp-block-image\">\n<figure class=\"aligncenter size-full\"><img loading=\"lazy\" decoding=\"async\" width=\"1000\" height=\"563\" src=\"https:\/\/www.acplectro.com\/wp-content\/uploads\/2022\/07\/orquestra.jpg\" alt=\"Orquestra Portuguesa de Guitarras e Bandolins\" class=\"wp-image-423\" srcset=\"https:\/\/www.acplectro.com\/wp-content\/uploads\/2022\/07\/orquestra.jpg 1000w, https:\/\/www.acplectro.com\/wp-content\/uploads\/2022\/07\/orquestra-300x169.jpg 300w, https:\/\/www.acplectro.com\/wp-content\/uploads\/2022\/07\/orquestra-768x432.jpg 768w, https:\/\/www.acplectro.com\/wp-content\/uploads\/2022\/07\/orquestra-600x338.jpg 600w\" sizes=\"auto, (max-width: 1000px) 100vw, 1000px\" \/><\/figure>\n<\/div>\n\n\n<div style=\"height:20px\" aria-hidden=\"true\" class=\"wp-block-spacer\"><\/div>","protected":false},"excerpt":{"rendered":"<p>A principal val\u00eancia da Associa\u00e7\u00e3o Cultural de Plectro \u00e9 a Orquestra Portuguesa de Guitarras e Bandolins (OPGB). Nos 12 anos da sua exist\u00eancia, contribuiu para uma verdadeira revolu\u00e7\u00e3o no meio&hellip;&nbsp;<a href=\"https:\/\/www.acplectro.com\/en\/orquestra-portuguesa-de-guitarras-e-bandolins\/\" rel=\"bookmark\">Read More &raquo;<span class=\"screen-reader-text\">Orquestra Portuguesa de Guitarras e Bandolins &#8211; OPGB<\/span><\/a><\/p>","protected":false},"author":1,"featured_media":423,"parent":0,"menu_order":0,"comment_status":"closed","ping_status":"closed","template":"","meta":{"neve_meta_sidebar":"","neve_meta_container":"","neve_meta_enable_content_width":"","neve_meta_content_width":0,"neve_meta_title_alignment":"","neve_meta_author_avatar":"","neve_post_elements_order":"","neve_meta_disable_header":"","neve_meta_disable_footer":"","neve_meta_disable_title":"","neve_meta_reading_time":"","_EventAllDay":false,"_EventTimezone":"","_EventStartDate":"","_EventEndDate":"","_EventStartDateUTC":"","_EventEndDateUTC":"","_EventShowMap":false,"_EventShowMapLink":false,"_EventURL":"","_EventCost":"","_EventCostDescription":"","_EventCurrencySymbol":"","_EventCurrencyCode":"","_EventCurrencyPosition":"","_EventDateTimeSeparator":"","_EventTimeRangeSeparator":"","_EventOrganizerID":[],"_EventVenueID":[],"_OrganizerEmail":"","_OrganizerPhone":"","_OrganizerWebsite":"","_VenueAddress":"","_VenueCity":"","_VenueCountry":"","_VenueProvince":"","_VenueState":"","_VenueZip":"","_VenuePhone":"","_VenueURL":"","_VenueStateProvince":"","_VenueLat":"","_VenueLng":"","_VenueShowMap":false,"_VenueShowMapLink":false,"_themeisle_gutenberg_block_has_review":false,"footnotes":""},"class_list":["post-30","page","type-page","status-publish","has-post-thumbnail","hentry"],"jetpack_sharing_enabled":true,"_links":{"self":[{"href":"https:\/\/www.acplectro.com\/en\/wp-json\/wp\/v2\/pages\/30","targetHints":{"allow":["GET"]}}],"collection":[{"href":"https:\/\/www.acplectro.com\/en\/wp-json\/wp\/v2\/pages"}],"about":[{"href":"https:\/\/www.acplectro.com\/en\/wp-json\/wp\/v2\/types\/page"}],"author":[{"embeddable":true,"href":"https:\/\/www.acplectro.com\/en\/wp-json\/wp\/v2\/users\/1"}],"replies":[{"embeddable":true,"href":"https:\/\/www.acplectro.com\/en\/wp-json\/wp\/v2\/comments?post=30"}],"version-history":[{"count":16,"href":"https:\/\/www.acplectro.com\/en\/wp-json\/wp\/v2\/pages\/30\/revisions"}],"predecessor-version":[{"id":1830,"href":"https:\/\/www.acplectro.com\/en\/wp-json\/wp\/v2\/pages\/30\/revisions\/1830"}],"wp:featuredmedia":[{"embeddable":true,"href":"https:\/\/www.acplectro.com\/en\/wp-json\/wp\/v2\/media\/423"}],"wp:attachment":[{"href":"https:\/\/www.acplectro.com\/en\/wp-json\/wp\/v2\/media?parent=30"}],"curies":[{"name":"wp","href":"https:\/\/api.w.org\/{rel}","templated":true}]}}